{"id":22164,"date":"2026-04-13T10:47:50","date_gmt":"2026-04-13T10:47:50","guid":{"rendered":"https:\/\/troisl-creations.fr\/?post_type=product&#038;p=22164"},"modified":"2026-04-14T10:25:44","modified_gmt":"2026-04-14T10:25:44","slug":"porte-photo-personnalise","status":"publish","type":"product","link":"https:\/\/troisl-creations.fr\/index.php\/produit\/porte-photo-personnalise\/","title":{"rendered":"Porte photo personnalis\u00e9"},"content":{"rendered":"<p>Offrez (ou offrez vous) un objet unique avec ce porte photo en bois personnalis\u00e9, parfait pour mettre en valeur vos plus beaux souvenirs.<\/p>\n<p>Avec ses messages grav\u00e9s, il transforme une simple photo en v\u00e9ritable p\u00e9pite.<\/p>\n<p>Son design \u00e9pur\u00e9 et chaleureux en contreplaqu\u00e9 naturel s&rsquo;int\u00e8gre parfaitement dans votre interieur, sur une \u00e9tag\u00e8re, un bureau ou une table de chevet.<\/p>\n<p>Une attention pleine d&rsquo;\u00e9motion, parfait pour tous les \u00e9v\u00e9nements.<\/p>\n<p><span style=\"color: #c191a1;\"><em><b>A noter : Le bois est une mati\u00e8re vivante : chaque pi\u00e8ce est unique. De l\u00e9g\u00e8res variations de couleur peuvent \u00eatre constat\u00e9es par rapport aux photos.<\/b><\/em><\/span><\/p>\n","protected":false},"excerpt":{"rendered":"<p>Porte photo en bois personnalis\u00e9<\/p>\n","protected":false},"featured_media":22166,"template":"","meta":[],"product_brand":[],"product_cat":[798,773,786,797,779,781,796,794,793],"product_tag":[836,205,816,363,163,181,260,172,813,814,835,834],"class_list":{"0":"post-22164","1":"product","2":"type-product","3":"status-publish","4":"has-post-thumbnail","6":"product_cat-fetes-mamans-mamies","7":"product_cat-accessoire","8":"product_cat-decorations-pour-les-petits","9":"product_cat-fetes-papas-papys","10":"product_cat-interieur","11":"product_cat-maison","12":"product_cat-maitresses-nounous","13":"product_cat-mariages-baptemes-anniversaire","14":"product_cat-noel","15":"product_tag-anniversaire","16":"product_tag-cadeau-sur-mesure","17":"product_tag-coup-de-coeur","18":"product_tag-fete-des-mamans","19":"product_tag-idee-cadeau","20":"product_tag-idee-cadeau-famille","21":"product_tag-idee-cadeau-femme","22":"product_tag-idee-cadeau-fete-des-papys","23":"product_tag-idee-cadeau-homme","24":"product_tag-idee-cadeau-maison","25":"product_tag-porte-photo-bois","26":"product_tag-porte-photo-personnalise","27":"wcpa_has_options","29":"first","30":"instock","31":"featured","32":"shipping-taxable","33":"purchasable","34":"product-type-simple"},"wcpa_form_fields":{"wcpaData":{"product":{"product_price":16.9,"price_html":"\u00c0 partir de <span class=\"woocommerce-Price-amount amount\"><bdi>16,90&nbsp;<span class=\"woocommerce-Price-currencySymbol\">&euro;<\/span><\/bdi><\/span>","original_product_price":16.9,"price_including_tax":16.9,"price_excluding_tax":16.9,"product_id":{"parent":22164,"variation":false},"is_variable":false,"stock_status":"instock","stock_quantity":null,"parent_sku":"","product_attributes":[],"custom_fields":[],"is_taxable":false,"product_name":"Porte photo personnalis\u00e9","hasImage":false},"fields":{"sec_069dcc9f82b0e6":{"extra":{"key":"sec_069dcc9f82b0e6","section_id":"sec_069dcc9f82b0e6","name":"Default","status":1,"cl_rule":"show","enableCl":false,"relations":[],"toggle":true,"title_tag":"h3","show_title":false,"showPrice":"default","form_id":22170,"form_rules":{"exclude_from_discount":false,"fee_label":"Suppl\u00e9ment","disp_hide_options_price":false,"disp_show_section_price":false,"disp_show_field_price":true,"layout_option":"standard","pric_use_as_fee":false,"process_fee_as":"woo_fee"},"layout_option":"standard"},"fields":[[{"active":true,"col":6,"relations":false,"cl_rule":"show","enableCl":false,"price":"","enablePrice":false,"className":"","label_position":"default","desc_position":"default","type":"select","required":true,"elementId":"select_0773885241","label":"Choisissez votre mod\u00e8le","name":"select_0773885241","values":[{"label":"Maman","value":"Maman","selected":false,"tempId":"aco_395","gt_translate_keys":["label"]},{"label":"Je t'aime mamie","value":"Je t'aime Mamie","selected":false,"tempId":"aco_396","gt_translate_keys":["label"]},{"label":"Papa ch\u00e9ri","value":"Papa ch\u00e9ri","selected":false,"tempId":"aco_397","gt_translate_keys":["label"]},{"label":"Papy d'amour","value":"Papy d'amour","selected":false,"tempId":"aco_965","gt_translate_keys":["label"]},{"label":"Je t'aime maman","value":"Je t'aime maman","selected":false,"tempId":"aco_1245","gt_translate_keys":["label"]},{"label":"Personnalis\u00e9","value":"Personnalis\u00e9","selected":false,"tempId":"aco_2171","gt_translate_keys":["label"]}],"isWeightTemplate":false,"error":false,"isTemplate":false,"min_quantity":"1","quantity_decimal":false,"quantity_step":"1","quantity_label":"Quantity","repeater_field_label":"{field_label}","repeater_bind":"","dropdown_type":"custom","placeholder":"Selectionnez","gt_translate_keys":["label","placeholder","repeater_field_label","quantity_label"],"price_dependency":false,"cl_dependency":["text_9459321724"],"value":""}],[{"active":true,"col":6,"relations":[{"operator":false,"rules":[{"operator":"AND","rules":{"cl_field":"select_0773885241","cl_relation":"is","cl_val":"Personnalis\u00e9"}}]}],"cl_rule":"show","enableCl":true,"price":"","enablePrice":false,"className":"","label_position":"default","desc_position":"default","type":"text","subtype":"text","required":true,"elementId":"text_9459321724","label":"Votre message personnalis\u00e9","name":"text_9459321724","value":"","caseType":"default","isWeightTemplate":false,"error":false,"isTemplate":false,"min_quantity":"1","quantity_decimal":false,"quantity_step":"1","quantity_label":"Quantity","repeater_field_label":"{field_label}","repeater_bind":"","placeholder":"Votre texte","maxlength":"13","gt_translate_keys":["label","placeholder","value","repeater_field_label","quantity_label"],"price_dependency":false,"cl_dependency":false}]]}},"config":{"price_override":"","enable_recaptcha":false,"bind_quantity":false,"quantity_bind_formula":false,"disp_summ_show_option_price":true,"disp_summ_show_product_price":true,"disp_summ_show_total_price":true,"disp_summ_show_fee":true,"disp_summ_show_discount":false,"summary_title":"R\u00e9capitulatif","options_total_label":"Prix des options","total_label":"Total","options_product_label":"Prix du produit","fee_label":"Suppl\u00e9ment","discount_label":"R\u00e9duction","has_price":true,"has_quantity_formula":false},"mc_unit":1,"tax_rate":1,"tax_rate_real":1,"discount":{"percentage":0,"fixed":0},"design":{"conf":{"LabelPosition":"above","DescPosition":"above","UploadField":"custom_1","QuantityFieldStyle":"default"},"css":{"LeftLabelWidth":"120px"}},"formulas":[],"lookuptables":[],"clones":false,"cartKey":false}},"_links":{"self":[{"href":"https:\/\/troisl-creations.fr\/index.php\/wp-json\/wp\/v2\/product\/22164","targetHints":{"allow":["GET"]}}],"collection":[{"href":"https:\/\/troisl-creations.fr\/index.php\/wp-json\/wp\/v2\/product"}],"about":[{"href":"https:\/\/troisl-creations.fr\/index.php\/wp-json\/wp\/v2\/types\/product"}],"wp:featuredmedia":[{"embeddable":true,"href":"https:\/\/troisl-creations.fr\/index.php\/wp-json\/wp\/v2\/media\/22166"}],"wp:attachment":[{"href":"https:\/\/troisl-creations.fr\/index.php\/wp-json\/wp\/v2\/media?parent=22164"}],"wp:term":[{"taxonomy":"product_brand","embeddable":true,"href":"https:\/\/troisl-creations.fr\/index.php\/wp-json\/wp\/v2\/product_brand?post=22164"},{"taxonomy":"product_cat","embeddable":true,"href":"https:\/\/troisl-creations.fr\/index.php\/wp-json\/wp\/v2\/product_cat?post=22164"},{"taxonomy":"product_tag","embeddable":true,"href":"https:\/\/troisl-creations.fr\/index.php\/wp-json\/wp\/v2\/product_tag?post=22164"}],"curies":[{"name":"wp","href":"https:\/\/api.w.org\/{rel}","templated":true}]}}