{"id":22173,"date":"2026-04-14T08:32:05","date_gmt":"2026-04-14T08:32:05","guid":{"rendered":"https:\/\/troisl-creations.fr\/?post_type=product&#038;p=22173"},"modified":"2026-04-14T10:08:01","modified_gmt":"2026-04-14T10:08:01","slug":"plaque-photo-gravee-personnalisee","status":"publish","type":"product","link":"https:\/\/troisl-creations.fr\/index.php\/produit\/plaque-photo-gravee-personnalisee\/","title":{"rendered":"Plaque photo grav\u00e9e personnalis\u00e9e"},"content":{"rendered":"<p>Cette plaque photo grav\u00e9e sur bois personnalis\u00e9e transforme vos plus beaux souvenirs en une cr\u00e9ation unique et intemporelle.<\/p>\n<p>Chaque d\u00e9tail est grav\u00e9 directement dans le bois, pour un rendu naturel, doux et rempli d&rsquo;\u00e9motion;<\/p>\n<p>Ajouter les pr\u00e9noms des enfants, inscrivez votre message personnalis\u00e9.. et cr\u00e9er un cadeau \u00e0 garder toute sa vie.<\/p>\n<p>Parfait pour la f\u00eate des m\u00e8res ou tout autre \u00e9v\u00e8nement, c&rsquo;est une attention qui touche en plein coeur.<\/p>\n<p><span style=\"color: #c191a1;\"><em><b>A noter : Le bois est une mati\u00e8re vivante : chaque pi\u00e8ce est unique. De l\u00e9g\u00e8res variations de couleur peuvent \u00eatre constat\u00e9es par rapport aux photos.<\/b><\/em><\/span><\/p>\n","protected":false},"excerpt":{"rendered":"<p>Photo grav\u00e9e dans le bois pour un souvenir unique<\/p>\n","protected":false},"featured_media":22178,"template":"","meta":[],"product_brand":[],"product_cat":[770,788,777,786,798,797,779,781,796,794,778,787,793],"product_tag":[187,138,196,178,177,372,481,816,363,285,163,260,139,172,813,814,838,837,839],"class_list":{"0":"post-22173","1":"product","2":"type-product","3":"status-publish","4":"has-post-thumbnail","6":"product_cat-pour-les-evenements","7":"product_cat-chambre","8":"product_cat-decorations","9":"product_cat-decorations-pour-les-petits","10":"product_cat-fetes-mamans-mamies","11":"product_cat-fetes-papas-papys","12":"product_cat-interieur","13":"product_cat-maison","14":"product_cat-maitresses-nounous","15":"product_cat-mariages-baptemes-anniversaire","16":"product_cat-murale","17":"product_cat-murales","18":"product_cat-noel","19":"product_tag-cadeau-anniversaire","20":"product_tag-cadeau-famille","21":"product_tag-cadeau-fete-des-meres","22":"product_tag-cadeau-maman","23":"product_tag-cadeau-marraine","24":"product_tag-cadeau-naissance-personnalise","25":"product_tag-cadeau-nounou","26":"product_tag-coup-de-coeur","27":"product_tag-fete-des-mamans","28":"product_tag-fete-des-mamies","29":"product_tag-idee-cadeau","30":"product_tag-idee-cadeau-femme","31":"product_tag-idee-cadeau-fete-de-meres","32":"product_tag-idee-cadeau-fete-des-papys","33":"product_tag-idee-cadeau-homme","34":"product_tag-idee-cadeau-maison","35":"product_tag-photo-gravee-personnalisee","36":"product_tag-photo-gravee-sur-bois","37":"product_tag-plaque-photo-gravee","38":"wcpa_has_options","40":"first","41":"instock","42":"featured","43":"shipping-taxable","44":"purchasable","45":"product-type-simple"},"wcpa_form_fields":{"wcpaData":{"product":{"product_price":25.9,"price_html":"\u00c0 partir de <span class=\"woocommerce-Price-amount amount\"><bdi>25,90&nbsp;<span class=\"woocommerce-Price-currencySymbol\">&euro;<\/span><\/bdi><\/span>","original_product_price":25.9,"price_including_tax":25.9,"price_excluding_tax":25.9,"product_id":{"parent":22173,"variation":false},"is_variable":false,"stock_status":"instock","stock_quantity":null,"parent_sku":"","product_attributes":[],"custom_fields":[],"is_taxable":false,"product_name":"Plaque photo grav\u00e9e personnalis\u00e9e","hasImage":false},"fields":{"sec_969ddfc3740bdd":{"extra":{"key":"sec_969ddfc3740bdd","section_id":"sec_969ddfc3740bdd","name":"Default","status":1,"cl_rule":"show","enableCl":false,"relations":[],"toggle":true,"title_tag":"h3","show_title":false,"showPrice":"default","form_id":22179,"form_rules":{"exclude_from_discount":false,"fee_label":"Suppl\u00e9ment","disp_hide_options_price":false,"disp_show_section_price":false,"disp_show_field_price":true,"layout_option":"standard","pric_use_as_fee":false,"process_fee_as":"woo_fee"},"layout_option":"standard"},"fields":[[{"active":true,"col":6,"relations":false,"cl_rule":"show","enableCl":false,"price":"","enablePrice":false,"className":"","label_position":"default","desc_position":"default","type":"select","required":true,"elementId":"select_3413231291","label":"Choisissez votre mod\u00e8le","name":"select_3413231291","values":[{"label":"Un jour, on l'appelle...","value":"Un jour, on l'appelle..","selected":false,"tempId":"aco_1489","gt_translate_keys":["label"]},{"label":"Texte personnnalis\u00e9","value":"Texte personnalis\u00e9","selected":false,"tempId":"aco_1490","gt_translate_keys":["label"]}],"isWeightTemplate":false,"error":false,"isTemplate":false,"min_quantity":"1","quantity_decimal":false,"quantity_step":"1","quantity_label":"Quantity","repeater_field_label":"{field_label}","repeater_bind":"","dropdown_type":"basic","gt_translate_keys":["label","repeater_field_label","quantity_label"],"price_dependency":false,"cl_dependency":["text_5803895394"],"value":""}],[{"active":true,"col":6,"relations":[{"operator":false,"rules":[{"operator":"AND","rules":{"cl_field":"select_3413231291","cl_relation":"is","cl_val":"Texte personnalis\u00e9"}}]}],"cl_rule":"show","enableCl":true,"price":"","enablePrice":false,"className":"","label_position":"default","desc_position":"default","type":"text","subtype":"text","required":true,"elementId":"text_5803895394","label":"Inscrivez votre texte","name":"text_5803895394","value":"","caseType":"default","isWeightTemplate":false,"error":false,"isTemplate":false,"min_quantity":"1","quantity_decimal":false,"quantity_step":"1","quantity_label":"Quantity","repeater_field_label":"{field_label}","repeater_bind":"","placeholder":"Texte personnalis\u00e9","maxlength":"32","gt_translate_keys":["label","placeholder","value","repeater_field_label","quantity_label"],"price_dependency":false,"cl_dependency":false}],[{"active":true,"col":6,"relations":false,"cl_rule":"show","enableCl":false,"price":"","enablePrice":false,"className":"","label_position":"default","desc_position":"default","type":"select","required":true,"elementId":"select_4809402388","label":"Ajoutez des pr\u00e9noms","name":"select_4809402388","values":[{"label":"Pas de pr\u00e9noms","value":"Pas de pr\u00e9noms","selected":false,"tempId":"aco_3085","gt_translate_keys":["label"]},{"label":"Oui","value":"Oui","selected":false,"tempId":"aco_3086","gt_translate_keys":["label"]}],"isWeightTemplate":false,"error":false,"isTemplate":false,"min_quantity":"1","quantity_decimal":false,"quantity_step":"1","quantity_label":"Quantity","repeater_field_label":"{field_label}","repeater_bind":"","dropdown_type":"basic","gt_translate_keys":["label","repeater_field_label","quantity_label"],"price_dependency":false,"cl_dependency":["text_1557248131"],"value":""}],[{"active":true,"col":6,"relations":[{"operator":false,"rules":[{"operator":"AND","rules":{"cl_field":"select_4809402388","cl_relation":"is","cl_val":"Oui"}}]}],"cl_rule":"show","enableCl":true,"price":"","enablePrice":false,"className":"","label_position":"default","desc_position":"default","type":"text","subtype":"text","required":false,"elementId":"text_1557248131","label":"Pr\u00e9noms du\/des enfants","name":"text_1557248131","value":"","caseType":"default","isWeightTemplate":false,"error":false,"isTemplate":false,"min_quantity":"1","quantity_decimal":false,"quantity_step":"1","quantity_label":"Quantity","repeater_field_label":"{field_label}","repeater_bind":"","placeholder":"Entrez les pr\u00e9noms","gt_translate_keys":["label","placeholder","value","repeater_field_label","quantity_label"],"price_dependency":false,"cl_dependency":false}],[{"active":true,"col":6,"relations":false,"cl_rule":"show","enableCl":false,"price":"","enablePrice":false,"className":"","label_position":"default","desc_position":"default","type":"file","required":true,"elementId":"file_8479184141","name":"file_8479184141","label":"T\u00e9l\u00e9charger votre photo","upload_type":"ajax","uploadSize":500,"file_types":["images","docs","design"],"isWeightTemplate":false,"error":false,"isTemplate":false,"min_quantity":"1","quantity_decimal":false,"quantity_step":"1","quantity_label":"Quantity","repeater_field_label":"{field_label}","repeater_bind":"","description":"T\u00e9l\u00e9chargez une image (JPEG, JPG ou PNG). Pour un rendu de qualit\u00e9, privil\u00e9giez une photo lumineuse et non pixelis\u00e9e.","allowedFileTypes":"image\/*,.doc,.docx,.xml,.dot,.docm,.dotm,.dotx,.htm,.html,.odt,.pdf,.rtf,.txt,.wps,.xps,application\/msword,application\/vnd,.psd,.eps,.ai,.indd,.raw","gt_translate_keys":["label","description","repeater_field_label","quantity_label"],"price_dependency":false,"cl_dependency":false,"value":""}]]}},"config":{"price_override":"","enable_recaptcha":false,"bind_quantity":false,"quantity_bind_formula":false,"disp_summ_show_option_price":true,"disp_summ_show_product_price":true,"disp_summ_show_total_price":true,"disp_summ_show_fee":true,"disp_summ_show_discount":false,"summary_title":"R\u00e9capitulatif","options_total_label":"Prix des options","total_label":"Total","options_product_label":"Prix du produit","fee_label":"Suppl\u00e9ment","discount_label":"R\u00e9duction","has_price":true,"has_quantity_formula":false},"mc_unit":1,"tax_rate":1,"tax_rate_real":1,"discount":{"percentage":0,"fixed":0},"design":{"conf":{"LabelPosition":"above","DescPosition":"above","UploadField":"custom_1","QuantityFieldStyle":"default"},"css":{"LeftLabelWidth":"120px"}},"formulas":[],"lookuptables":[],"clones":false,"cartKey":false}},"_links":{"self":[{"href":"https:\/\/troisl-creations.fr\/index.php\/wp-json\/wp\/v2\/product\/22173","targetHints":{"allow":["GET"]}}],"collection":[{"href":"https:\/\/troisl-creations.fr\/index.php\/wp-json\/wp\/v2\/product"}],"about":[{"href":"https:\/\/troisl-creations.fr\/index.php\/wp-json\/wp\/v2\/types\/product"}],"wp:featuredmedia":[{"embeddable":true,"href":"https:\/\/troisl-creations.fr\/index.php\/wp-json\/wp\/v2\/media\/22178"}],"wp:attachment":[{"href":"https:\/\/troisl-creations.fr\/index.php\/wp-json\/wp\/v2\/media?parent=22173"}],"wp:term":[{"taxonomy":"product_brand","embeddable":true,"href":"https:\/\/troisl-creations.fr\/index.php\/wp-json\/wp\/v2\/product_brand?post=22173"},{"taxonomy":"product_cat","embeddable":true,"href":"https:\/\/troisl-creations.fr\/index.php\/wp-json\/wp\/v2\/product_cat?post=22173"},{"taxonomy":"product_tag","embeddable":true,"href":"https:\/\/troisl-creations.fr\/index.php\/wp-json\/wp\/v2\/product_tag?post=22173"}],"curies":[{"name":"wp","href":"https:\/\/api.w.org\/{rel}","templated":true}]}}